{"id":9,"date":"2024-09-03T18:08:57","date_gmt":"2024-09-03T18:08:57","guid":{"rendered":"https:\/\/fondonimbus.com.mx\/?page_id=9"},"modified":"2024-09-30T17:34:03","modified_gmt":"2024-09-30T17:34:03","slug":"home","status":"publish","type":"page","link":"https:\/\/fondonimbus.com.mx\/en\/","title":{"rendered":"home"},"content":{"rendered":"\t\t<div data-elementor-type=\"wp-page\" data-elementor-id=\"9\" class=\"elementor elementor-9\">\n\t\t\t\t\t\t<section class=\"elementor-section elementor-top-section elementor-element elementor-element-1df355c elementor-section-height-min-height elementor-section-items-stretch elementor-section-stretched elementor-section-boxed elementor-section-height-default\" data-id=\"1df355c\" data-element_type=\"section\" data-e-type=\"section\" data-settings=\"{&quot;stretch_section&quot;:&quot;section-stretched&quot;,&quot;background_background&quot;:&quot;classic&quot;}\">\n\t\t\t\t\t\t\t<div class=\"elementor-background-overlay\"><\/div>\n\t\t\t\t\t\t\t<div class=\"elementor-container elementor-column-gap-default\">\n\t\t\t\t\t<div class=\"elementor-column elementor-col-100 elementor-top-column elementor-element elementor-element-d9865c3\" data-id=\"d9865c3\" data-element_type=\"column\" data-e-type=\"column\">\n\t\t\t<div class=\"elementor-widget-wrap elementor-element-populated\">\n\t\t\t\t\t\t<div class=\"elementor-element elementor-element-9cb6942 elementor-widget__width-initial elementor-widget-mobile__width-initial elementor-widget elementor-widget-text-editor\" data-id=\"9cb6942\" data-element_type=\"widget\" data-e-type=\"widget\" data-widget_type=\"text-editor.default\">\n\t\t\t\t<div class=\"elementor-widget-container\">\n\t\t\t\t\t\t\t\t\t<p class=\"p1\"><span class=\"tm5\">Nimbus es un fondo de inversi\u00f3n de impacto con el prop\u00f3sito de custodiar y compartir la promesa de un mejor futuro honrando las ra\u00edces de los mexicanos.<\/span><\/p>\t\t\t\t\t\t\t\t<\/div>\n\t\t\t\t<\/div>\n\t\t\t\t<div class=\"elementor-element elementor-element-886ab20 elementor-widget__width-initial elementor-widget-mobile__width-initial elementor-widget elementor-widget-text-editor\" data-id=\"886ab20\" data-element_type=\"widget\" data-e-type=\"widget\" data-widget_type=\"text-editor.default\">\n\t\t\t\t<div class=\"elementor-widget-container\">\n\t\t\t\t\t\t\t\t\t<p class=\"p1\">Apoyamos organizaciones enfocadas en crear c\u00edrculos virtuosos desde su modelo de negocio para mejorar las condiciones de la educaci\u00f3n y del medio ambiente.<\/p>\t\t\t\t\t\t\t\t<\/div>\n\t\t\t\t<\/div>\n\t\t\t\t\t<\/div>\n\t\t<\/div>\n\t\t\t\t\t<\/div>\n\t\t<\/section>\n\t\t\t\t<section class=\"elementor-section elementor-top-section elementor-element elementor-element-dd6e9b8 elementor-section-stretched elementor-section-full_width elementor-section-height-default elementor-section-height-default\" data-id=\"dd6e9b8\" data-element_type=\"section\" data-e-type=\"section\" data-settings=\"{&quot;stretch_section&quot;:&quot;section-stretched&quot;}\">\n\t\t\t\t\t\t<div class=\"elementor-container elementor-column-gap-default\">\n\t\t\t\t\t<div class=\"elementor-column elementor-col-50 elementor-top-column elementor-element elementor-element-b3d13a8\" data-id=\"b3d13a8\" data-element_type=\"column\" data-e-type=\"column\">\n\t\t\t<div class=\"elementor-widget-wrap elementor-element-populated\">\n\t\t\t\t\t\t<div class=\"elementor-element elementor-element-424508e elementor-widget elementor-widget-image\" data-id=\"424508e\" data-element_type=\"widget\" data-e-type=\"widget\" data-widget_type=\"image.default\">\n\t\t\t\t<div class=\"elementor-widget-container\">\n\t\t\t\t\t\t\t\t\t\t\t\t\t\t\t<img fetchpriority=\"high\" decoding=\"async\" width=\"635\" height=\"498\" src=\"https:\/\/fondonimbus.com.mx\/wp-content\/uploads\/2024\/09\/img1.png\" class=\"attachment-full size-full wp-image-19\" alt=\"\" srcset=\"https:\/\/fondonimbus.com.mx\/wp-content\/uploads\/2024\/09\/img1.png 635w, https:\/\/fondonimbus.com.mx\/wp-content\/uploads\/2024\/09\/img1-300x235.png 300w\" sizes=\"(max-width: 635px) 100vw, 635px\" \/>\t\t\t\t\t\t\t\t\t\t\t\t\t\t\t<\/div>\n\t\t\t\t<\/div>\n\t\t\t\t\t<\/div>\n\t\t<\/div>\n\t\t\t\t<div class=\"elementor-column elementor-col-50 elementor-top-column elementor-element elementor-element-1a04972\" data-id=\"1a04972\" data-element_type=\"column\" data-e-type=\"column\">\n\t\t\t<div class=\"elementor-widget-wrap elementor-element-populated\">\n\t\t\t\t\t\t<div class=\"elementor-element elementor-element-1aa7f7f elementor-widget elementor-widget-heading\" data-id=\"1aa7f7f\" data-element_type=\"widget\" data-e-type=\"widget\" data-widget_type=\"heading.default\">\n\t\t\t\t<div class=\"elementor-widget-container\">\n\t\t\t\t\t<h2 class=\"elementor-heading-title elementor-size-default\">Educaci\u00f3n y medio ambiente<\/h2>\t\t\t\t<\/div>\n\t\t\t\t<\/div>\n\t\t\t\t<div class=\"elementor-element elementor-element-5bcad64 elementor-widget__width-initial elementor-widget elementor-widget-text-editor\" data-id=\"5bcad64\" data-element_type=\"widget\" data-e-type=\"widget\" data-widget_type=\"text-editor.default\">\n\t\t\t\t<div class=\"elementor-widget-container\">\n\t\t\t\t\t\t\t\t\tNimbus apoya a iniciativas con soluciones en\u00a0educaci\u00f3n\u00a0y\u00a0medio ambiente\u00a0en M\u00e9xico que consideran el cambio sist\u00e9mico como un plan de crecimiento, aprovechan la colaboraci\u00f3n para alcanzar mayor impacto y vean la sostenibilidad financiera como una pieza fundamental de su desarrollo a largo plazo.\t\t\t\t\t\t\t\t<\/div>\n\t\t\t\t<\/div>\n\t\t\t\t\t<\/div>\n\t\t<\/div>\n\t\t\t\t\t<\/div>\n\t\t<\/section>\n\t\t\t\t<section class=\"elementor-section elementor-top-section elementor-element elementor-element-7c2d805 elementor-section-stretched elementor-section-full_width elementor-section-height-default elementor-section-height-default\" data-id=\"7c2d805\" data-element_type=\"section\" data-e-type=\"section\" data-settings=\"{&quot;stretch_section&quot;:&quot;section-stretched&quot;,&quot;background_background&quot;:&quot;classic&quot;}\">\n\t\t\t\t\t\t<div class=\"elementor-container elementor-column-gap-default\">\n\t\t\t\t\t<div class=\"elementor-column elementor-col-50 elementor-top-column elementor-element elementor-element-896e375\" data-id=\"896e375\" data-element_type=\"column\" data-e-type=\"column\">\n\t\t\t<div class=\"elementor-widget-wrap elementor-element-populated\">\n\t\t\t\t\t\t<div class=\"elementor-element elementor-element-936c9a1 elementor-widget__width-initial elementor-widget elementor-widget-text-editor\" data-id=\"936c9a1\" data-element_type=\"widget\" data-e-type=\"widget\" data-widget_type=\"text-editor.default\">\n\t\t\t\t<div class=\"elementor-widget-container\">\n\t\t\t\t\t\t\t\t\t<p class=\"Normal\"><span class=\"tm5\">La <\/span><strong><span class=\"tm6\">educaci\u00f3n<\/span><\/strong><span class=\"tm7\"> inculca a las nuevas generaciones los saberes adquiridos por sus predecesores, las integra a las formas de socializaci\u00f3n vigentes y lleva a cabo la delicada negociaci\u00f3n entre lo que la sociedad puede soportar de nueva informaci\u00f3n y lo que debe conservarse como redundancia para no hacer colapsar la memoria social.<\/span><\/p><p class=\"Normal\"><span class=\"tm5\">Creemos que las estructuras educativas actuales deber\u00edan tener espacio para la libertad, espacio para la creatividad, espacio para conectar con uno mismo, con la comunidad y con la ecolog\u00eda. <\/span><\/p><p class=\"Normal\"><span class=\"tm5\">Invertimos en personas, proyectos y organizaciones que promueven una educaci\u00f3n transformadora integral que fortalece las capacidades de cada individuo en el ecosistema educativo y su relaci\u00f3n con su familia, comunidad y planeta.<\/span><\/p>\t\t\t\t\t\t\t\t<\/div>\n\t\t\t\t<\/div>\n\t\t\t\t\t<\/div>\n\t\t<\/div>\n\t\t\t\t<div class=\"elementor-column elementor-col-50 elementor-top-column elementor-element elementor-element-4b96bdd\" data-id=\"4b96bdd\" data-element_type=\"column\" data-e-type=\"column\">\n\t\t\t<div class=\"elementor-widget-wrap elementor-element-populated\">\n\t\t\t\t\t\t<div class=\"elementor-element elementor-element-6cff28b e-transform elementor-widget elementor-widget-image\" data-id=\"6cff28b\" data-element_type=\"widget\" data-e-type=\"widget\" data-settings=\"{&quot;raven_motion_effects_scrolling&quot;:&quot;yes&quot;,&quot;_transform_flipX_effect&quot;:&quot;transform&quot;,&quot;raven_motion_effects_devices&quot;:[&quot;desktop&quot;,&quot;tablet&quot;,&quot;mobile&quot;]}\" data-widget_type=\"image.default\">\n\t\t\t\t<div class=\"elementor-widget-container\">\n\t\t\t\t\t\t\t\t\t\t\t\t\t\t\t<img decoding=\"async\" width=\"622\" height=\"498\" src=\"https:\/\/fondonimbus.com.mx\/wp-content\/uploads\/2024\/09\/Ninas-img-education1.png\" class=\"attachment-large size-large wp-image-272\" alt=\"\" srcset=\"https:\/\/fondonimbus.com.mx\/wp-content\/uploads\/2024\/09\/Ninas-img-education1.png 622w, https:\/\/fondonimbus.com.mx\/wp-content\/uploads\/2024\/09\/Ninas-img-education1-300x240.png 300w\" sizes=\"(max-width: 622px) 100vw, 622px\" \/>\t\t\t\t\t\t\t\t\t\t\t\t\t\t\t<\/div>\n\t\t\t\t<\/div>\n\t\t\t\t\t<\/div>\n\t\t<\/div>\n\t\t\t\t\t<\/div>\n\t\t<\/section>\n\t\t\t\t<section class=\"elementor-section elementor-top-section elementor-element elementor-element-9254114 elementor-section-stretched elementor-section-content-middle elementor-reverse-mobile elementor-reverse-tablet elementor-section-full_width elementor-section-height-default elementor-section-height-default\" data-id=\"9254114\" data-element_type=\"section\" data-e-type=\"section\" data-settings=\"{&quot;stretch_section&quot;:&quot;section-stretched&quot;,&quot;background_background&quot;:&quot;classic&quot;}\">\n\t\t\t\t\t\t<div class=\"elementor-container elementor-column-gap-default\">\n\t\t\t\t\t<div class=\"elementor-column elementor-col-50 elementor-top-column elementor-element elementor-element-dfea486\" data-id=\"dfea486\" data-element_type=\"column\" data-e-type=\"column\">\n\t\t\t<div class=\"elementor-widget-wrap elementor-element-populated\">\n\t\t\t\t\t\t<div class=\"elementor-element elementor-element-6cfe8c4 e-transform elementor-widget elementor-widget-image\" data-id=\"6cfe8c4\" data-element_type=\"widget\" data-e-type=\"widget\" data-settings=\"{&quot;raven_motion_effects_scrolling&quot;:&quot;yes&quot;,&quot;_transform_flipX_effect&quot;:&quot;transform&quot;,&quot;raven_motion_effects_devices&quot;:[&quot;desktop&quot;,&quot;tablet&quot;,&quot;mobile&quot;]}\" data-widget_type=\"image.default\">\n\t\t\t\t<div class=\"elementor-widget-container\">\n\t\t\t\t\t\t\t\t\t\t\t\t\t\t\t<img decoding=\"async\" width=\"622\" height=\"498\" src=\"https:\/\/fondonimbus.com.mx\/wp-content\/uploads\/2024\/09\/img2.png\" class=\"attachment-large size-large wp-image-37\" alt=\"\" srcset=\"https:\/\/fondonimbus.com.mx\/wp-content\/uploads\/2024\/09\/img2.png 622w, https:\/\/fondonimbus.com.mx\/wp-content\/uploads\/2024\/09\/img2-300x240.png 300w\" sizes=\"(max-width: 622px) 100vw, 622px\" \/>\t\t\t\t\t\t\t\t\t\t\t\t\t\t\t<\/div>\n\t\t\t\t<\/div>\n\t\t\t\t\t<\/div>\n\t\t<\/div>\n\t\t\t\t<div class=\"elementor-column elementor-col-50 elementor-top-column elementor-element elementor-element-8a1c7c7\" data-id=\"8a1c7c7\" data-element_type=\"column\" data-e-type=\"column\">\n\t\t\t<div class=\"elementor-widget-wrap elementor-element-populated\">\n\t\t\t\t\t\t<div class=\"elementor-element elementor-element-19eb496 elementor-widget__width-initial elementor-widget-mobile__width-initial elementor-widget elementor-widget-text-editor\" data-id=\"19eb496\" data-element_type=\"widget\" data-e-type=\"widget\" data-widget_type=\"text-editor.default\">\n\t\t\t\t<div class=\"elementor-widget-container\">\n\t\t\t\t\t\t\t\t\t<p class=\"Normal\"><span class=\"tm5\">El <\/span><strong><span class=\"tm6\">medio ambiente<\/span><\/strong><span class=\"tm7\"> es el descubrimiento de aquello que determina la viabilidad de la sociedad. Pocos conceptos han logrado una expansi\u00f3n de la dimensi\u00f3n \u00e9tica de la existencia humana comparable a la que ha logrado el medio ambiente ya que en \u00e9l se imbrican el conocimiento, el cuidado, el aprovechamiento y el futuro de manera \u00fanica e hipercompleja.<\/span><\/p><p class=\"Normal\"><span class=\"tm5\">En cualquier proceso de descubrimiento, la selectividad es clave, ya que impulsa nuestras acciones y la asignaci\u00f3n de recursos. Nimbus selecciona cuidadosamente a los guardianes de una relaci\u00f3n sana con el medio ambiente.<\/span><\/p><p class=\"Normal\"><span class=\"tm5\">Invertimos en personas, proyectos y organizaciones que potencian a los individuos y su relaci\u00f3n con el ambiente natural, promoviendo modelos de desarrollo econ\u00f3mico comunitario y custodia de la tierra a trav\u00e9s de la regeneraci\u00f3n y conservaci\u00f3n de sus ecosistemas biodiversos vivientes.<\/span><\/p>\t\t\t\t\t\t\t\t<\/div>\n\t\t\t\t<\/div>\n\t\t\t\t\t<\/div>\n\t\t<\/div>\n\t\t\t\t\t<\/div>\n\t\t<\/section>\n\t\t\t\t<section class=\"elementor-section elementor-top-section elementor-element elementor-element-4b6731a elementor-section-height-min-height elementor-section-boxed elementor-section-height-default elementor-section-items-middle\" data-id=\"4b6731a\" data-element_type=\"section\" data-e-type=\"section\">\n\t\t\t\t\t\t<div class=\"elementor-container elementor-column-gap-default\">\n\t\t\t\t\t<div class=\"elementor-column elementor-col-100 elementor-top-column elementor-element elementor-element-f4028c9\" data-id=\"f4028c9\" data-element_type=\"column\" data-e-type=\"column\">\n\t\t\t<div class=\"elementor-widget-wrap elementor-element-populated\">\n\t\t\t\t\t\t<div class=\"elementor-element elementor-element-ace9aa3 elementor-widget elementor-widget-image\" data-id=\"ace9aa3\" data-element_type=\"widget\" data-e-type=\"widget\" data-widget_type=\"image.default\">\n\t\t\t\t<div class=\"elementor-widget-container\">\n\t\t\t\t\t\t\t\t\t\t\t\t\t\t\t<img loading=\"lazy\" decoding=\"async\" width=\"141\" height=\"91\" src=\"https:\/\/fondonimbus.com.mx\/wp-content\/uploads\/2024\/09\/Isotipo-nimbus.svg\" class=\"attachment-large size-large wp-image-476\" alt=\"\" \/>\t\t\t\t\t\t\t\t\t\t\t\t\t\t\t<\/div>\n\t\t\t\t<\/div>\n\t\t\t\t<div class=\"elementor-element elementor-element-350a9e3 elementor-widget__width-initial elementor-widget elementor-widget-heading\" data-id=\"350a9e3\" data-element_type=\"widget\" data-e-type=\"widget\" data-widget_type=\"heading.default\">\n\t\t\t\t<div class=\"elementor-widget-container\">\n\t\t\t\t\t<h2 class=\"elementor-heading-title elementor-size-default\">Gracias a los actores de la sociedad civil  organizada, naci\u00f3 Nimbus.<\/h2>\t\t\t\t<\/div>\n\t\t\t\t<\/div>\n\t\t\t\t<div class=\"elementor-element elementor-element-21f3241 elementor-widget__width-initial elementor-widget elementor-widget-text-editor\" data-id=\"21f3241\" data-element_type=\"widget\" data-e-type=\"widget\" data-widget_type=\"text-editor.default\">\n\t\t\t\t<div class=\"elementor-widget-container\">\n\t\t\t\t\t\t\t\t\t<p>En el camino hemos tenido aliados y mentores invaluables que nos llevaron de ser un grupo de personas con buenas intenciones a ser una instituci\u00f3n con experiencia, disciplina financiera y de investigaci\u00f3n y una visi\u00f3n amplia que poco a poco se va concretando en vocaciones definidas.<\/p>\t\t\t\t\t\t\t\t<\/div>\n\t\t\t\t<\/div>\n\t\t\t\t<section class=\"elementor-section elementor-inner-section elementor-element elementor-element-b000464 elementor-section-boxed elementor-section-height-default elementor-section-height-default\" data-id=\"b000464\" data-element_type=\"section\" data-e-type=\"section\">\n\t\t\t\t\t\t<div class=\"elementor-container elementor-column-gap-default\">\n\t\t\t\t\t<div class=\"elementor-column elementor-col-20 elementor-inner-column elementor-element elementor-element-4a8a478\" data-id=\"4a8a478\" data-element_type=\"column\" data-e-type=\"column\">\n\t\t\t<div class=\"elementor-widget-wrap elementor-element-populated\">\n\t\t\t\t\t\t<div class=\"elementor-element elementor-element-40ab906 elementor-widget elementor-widget-image\" data-id=\"40ab906\" data-element_type=\"widget\" data-e-type=\"widget\" data-widget_type=\"image.default\">\n\t\t\t\t<div class=\"elementor-widget-container\">\n\t\t\t\t\t\t\t\t\t\t\t\t\t\t\t<img loading=\"lazy\" decoding=\"async\" width=\"169\" height=\"88\" src=\"https:\/\/fondonimbus.com.mx\/wp-content\/uploads\/2024\/09\/Rectangle-3.png\" class=\"attachment-large size-large wp-image-51\" alt=\"\" \/>\t\t\t\t\t\t\t\t\t\t\t\t\t\t\t<\/div>\n\t\t\t\t<\/div>\n\t\t\t\t\t<\/div>\n\t\t<\/div>\n\t\t\t\t<div class=\"elementor-column elementor-col-20 elementor-inner-column elementor-element elementor-element-02abaaf\" data-id=\"02abaaf\" data-element_type=\"column\" data-e-type=\"column\">\n\t\t\t<div class=\"elementor-widget-wrap elementor-element-populated\">\n\t\t\t\t\t\t<div class=\"elementor-element elementor-element-f91b8d9 elementor-widget elementor-widget-image\" data-id=\"f91b8d9\" data-element_type=\"widget\" data-e-type=\"widget\" data-widget_type=\"image.default\">\n\t\t\t\t<div class=\"elementor-widget-container\">\n\t\t\t\t\t\t\t\t\t\t\t\t\t\t\t<img loading=\"lazy\" decoding=\"async\" width=\"169\" height=\"88\" src=\"https:\/\/fondonimbus.com.mx\/wp-content\/uploads\/2024\/09\/Rectangle-4.png\" class=\"attachment-large size-large wp-image-52\" alt=\"\" \/>\t\t\t\t\t\t\t\t\t\t\t\t\t\t\t<\/div>\n\t\t\t\t<\/div>\n\t\t\t\t\t<\/div>\n\t\t<\/div>\n\t\t\t\t<div class=\"elementor-column elementor-col-20 elementor-inner-column elementor-element elementor-element-016b7c7\" data-id=\"016b7c7\" data-element_type=\"column\" data-e-type=\"column\">\n\t\t\t<div class=\"elementor-widget-wrap elementor-element-populated\">\n\t\t\t\t\t\t<div class=\"elementor-element elementor-element-9f13d0c elementor-widget elementor-widget-image\" data-id=\"9f13d0c\" data-element_type=\"widget\" data-e-type=\"widget\" data-widget_type=\"image.default\">\n\t\t\t\t<div class=\"elementor-widget-container\">\n\t\t\t\t\t\t\t\t\t\t\t\t\t\t\t<img loading=\"lazy\" decoding=\"async\" width=\"168\" height=\"88\" src=\"https:\/\/fondonimbus.com.mx\/wp-content\/uploads\/2024\/09\/Rectangle-5.png\" class=\"attachment-large size-large wp-image-53\" alt=\"\" \/>\t\t\t\t\t\t\t\t\t\t\t\t\t\t\t<\/div>\n\t\t\t\t<\/div>\n\t\t\t\t\t<\/div>\n\t\t<\/div>\n\t\t\t\t<div class=\"elementor-column elementor-col-20 elementor-inner-column elementor-element elementor-element-1d8b433\" data-id=\"1d8b433\" data-element_type=\"column\" data-e-type=\"column\">\n\t\t\t<div class=\"elementor-widget-wrap elementor-element-populated\">\n\t\t\t\t\t\t<div class=\"elementor-element elementor-element-cf42c07 elementor-widget elementor-widget-image\" data-id=\"cf42c07\" data-element_type=\"widget\" data-e-type=\"widget\" data-widget_type=\"image.default\">\n\t\t\t\t<div class=\"elementor-widget-container\">\n\t\t\t\t\t\t\t\t\t\t\t\t\t\t\t<img loading=\"lazy\" decoding=\"async\" width=\"870\" height=\"264\" src=\"https:\/\/fondonimbus.com.mx\/wp-content\/uploads\/2024\/09\/logo-humedal.90f4775-1.png\" class=\"attachment-large size-large wp-image-365\" alt=\"\" srcset=\"https:\/\/fondonimbus.com.mx\/wp-content\/uploads\/2024\/09\/logo-humedal.90f4775-1.png 870w, https:\/\/fondonimbus.com.mx\/wp-content\/uploads\/2024\/09\/logo-humedal.90f4775-1-300x91.png 300w, https:\/\/fondonimbus.com.mx\/wp-content\/uploads\/2024\/09\/logo-humedal.90f4775-1-768x233.png 768w, https:\/\/fondonimbus.com.mx\/wp-content\/uploads\/2024\/09\/logo-humedal.90f4775-1-18x5.png 18w\" sizes=\"(max-width: 870px) 100vw, 870px\" \/>\t\t\t\t\t\t\t\t\t\t\t\t\t\t\t<\/div>\n\t\t\t\t<\/div>\n\t\t\t\t\t<\/div>\n\t\t<\/div>\n\t\t\t\t<div class=\"elementor-column elementor-col-20 elementor-inner-column elementor-element elementor-element-4d62ac6\" data-id=\"4d62ac6\" data-element_type=\"column\" data-e-type=\"column\">\n\t\t\t<div class=\"elementor-widget-wrap elementor-element-populated\">\n\t\t\t\t\t\t<div class=\"elementor-element elementor-element-d6c090c elementor-widget elementor-widget-image\" data-id=\"d6c090c\" data-element_type=\"widget\" data-e-type=\"widget\" data-widget_type=\"image.default\">\n\t\t\t\t<div class=\"elementor-widget-container\">\n\t\t\t\t\t\t\t\t\t\t\t\t\t\t\t<img loading=\"lazy\" decoding=\"async\" width=\"169\" height=\"88\" src=\"https:\/\/fondonimbus.com.mx\/wp-content\/uploads\/2024\/09\/Rectangle-8.png\" class=\"attachment-large size-large wp-image-57\" alt=\"\" \/>\t\t\t\t\t\t\t\t\t\t\t\t\t\t\t<\/div>\n\t\t\t\t<\/div>\n\t\t\t\t\t<\/div>\n\t\t<\/div>\n\t\t\t\t\t<\/div>\n\t\t<\/section>\n\t\t\t\t\t<\/div>\n\t\t<\/div>\n\t\t\t\t\t<\/div>\n\t\t<\/section>\n\t\t\t\t<\/div>\n\t\t","protected":false},"excerpt":{"rendered":"<p>Nimbus es un fondo de inversi\u00f3n de impacto con el prop\u00f3sito de custodiar y compartir la promesa de un mejor futuro honrando las ra\u00edces de los mexicanos. Apoyamos organizaciones enfocadas en crear c\u00edrculos virtuosos desde su modelo de negocio para mejorar las condiciones de la educaci\u00f3n y del medio ambiente. Educaci\u00f3n y medio ambiente Nimbus [&hellip;]<\/p>\n","protected":false},"author":1,"featured_media":0,"parent":0,"menu_order":0,"comment_status":"closed","ping_status":"closed","template":"","meta":{"_acf_changed":false,"footnotes":""},"class_list":["post-9","page","type-page","status-publish","hentry"],"acf":[],"_links":{"self":[{"href":"https:\/\/fondonimbus.com.mx\/en\/wp-json\/wp\/v2\/pages\/9","targetHints":{"allow":["GET"]}}],"collection":[{"href":"https:\/\/fondonimbus.com.mx\/en\/wp-json\/wp\/v2\/pages"}],"about":[{"href":"https:\/\/fondonimbus.com.mx\/en\/wp-json\/wp\/v2\/types\/page"}],"author":[{"embeddable":true,"href":"https:\/\/fondonimbus.com.mx\/en\/wp-json\/wp\/v2\/users\/1"}],"replies":[{"embeddable":true,"href":"https:\/\/fondonimbus.com.mx\/en\/wp-json\/wp\/v2\/comments?post=9"}],"version-history":[{"count":55,"href":"https:\/\/fondonimbus.com.mx\/en\/wp-json\/wp\/v2\/pages\/9\/revisions"}],"predecessor-version":[{"id":810,"href":"https:\/\/fondonimbus.com.mx\/en\/wp-json\/wp\/v2\/pages\/9\/revisions\/810"}],"wp:attachment":[{"href":"https:\/\/fondonimbus.com.mx\/en\/wp-json\/wp\/v2\/media?parent=9"}],"curies":[{"name":"wp","href":"https:\/\/api.w.org\/{rel}","templated":true}]}}