{"id":790,"date":"2024-10-15T21:19:54","date_gmt":"2024-10-15T21:19:54","guid":{"rendered":"https:\/\/fondonimbus.com.mx\/?page_id=790"},"modified":"2024-10-15T21:51:57","modified_gmt":"2024-10-15T21:51:57","slug":"text-porfolio","status":"publish","type":"page","link":"https:\/\/fondonimbus.com.mx\/en\/text-porfolio\/","title":{"rendered":"Text porfolio"},"content":{"rendered":"<div data-elementor-type=\"wp-page\" data-elementor-id=\"790\" class=\"elementor elementor-790\">\n\t\t\t\t\t\t<section class=\"elementor-section elementor-top-section elementor-element elementor-element-823fce3 elementor-section-full_width elementor-section-stretched elementor-section-height-default elementor-section-height-default\" data-id=\"823fce3\" data-element_type=\"section\" data-e-type=\"section\" data-settings=\"{&quot;stretch_section&quot;:&quot;section-stretched&quot;,&quot;background_background&quot;:&quot;classic&quot;}\">\n\t\t\t\t\t\t<div class=\"elementor-container elementor-column-gap-default\">\n\t\t\t\t\t<div class=\"elementor-column elementor-col-100 elementor-top-column elementor-element elementor-element-a7c09ec\" data-id=\"a7c09ec\" data-element_type=\"column\" data-e-type=\"column\">\n\t\t\t<div class=\"elementor-widget-wrap elementor-element-populated\">\n\t\t\t\t\t\t<div class=\"elementor-element elementor-element-579992e elementor-align-flex-start elementor-widget__width-initial elementor-widget elementor-widget-raven-breadcrumbs\" data-id=\"579992e\" data-element_type=\"widget\" data-e-type=\"widget\" data-widget_type=\"raven-breadcrumbs.default\">\n\t\t\t\t<div class=\"elementor-widget-container\">\n\t\t\t\t\t<div class=\"raven-breadcrumbs raven-breadcrumbs-default\"><div class=\"breadcrumb\">\t\t\t\t\t\t\t\t<div class=\"breadcrumb-item active\" aria-current=\"page\"><span>Home<\/span><\/div>\n\n\t\t\t\t<\/div><\/div>\t\t\t\t<\/div>\n\t\t\t\t<\/div>\n\t\t\t\t\t<\/div>\n\t\t<\/div>\n\t\t\t\t\t<\/div>\n\t\t<\/section>\n\t\t\t\t<section class=\"elementor-section elementor-top-section elementor-element elementor-element-270179d elementor-section-stretched elementor-section-boxed elementor-section-height-default elementor-section-height-default\" data-id=\"270179d\" data-element_type=\"section\" data-e-type=\"section\" data-settings=\"{&quot;stretch_section&quot;:&quot;section-stretched&quot;,&quot;background_background&quot;:&quot;classic&quot;}\">\n\t\t\t\t\t\t<div class=\"elementor-container elementor-column-gap-default\">\n\t\t\t\t\t<div class=\"elementor-column elementor-col-100 elementor-top-column elementor-element elementor-element-33e21b0\" data-id=\"33e21b0\" data-element_type=\"column\" data-e-type=\"column\">\n\t\t\t<div class=\"elementor-widget-wrap elementor-element-populated\">\n\t\t\t\t\t\t<div class=\"elementor-element elementor-element-e04d45d elementor-widget__width-initial elementor-widget elementor-widget-image\" data-id=\"e04d45d\" data-element_type=\"widget\" data-e-type=\"widget\" data-widget_type=\"image.default\">\n\t\t\t\t<div class=\"elementor-widget-container\">\n\t\t\t\t\t\t\t\t\t\t\t\t\t\t\t<img fetchpriority=\"high\" decoding=\"async\" width=\"681\" height=\"683\" src=\"https:\/\/fondonimbus.com.mx\/wp-content\/uploads\/2024\/09\/65426ce9d82aad779c12bd86_Brand-Logo_Orange.webp\" class=\"attachment-large size-large wp-image-711\" alt=\"\" srcset=\"https:\/\/fondonimbus.com.mx\/wp-content\/uploads\/2024\/09\/65426ce9d82aad779c12bd86_Brand-Logo_Orange.webp 681w, https:\/\/fondonimbus.com.mx\/wp-content\/uploads\/2024\/09\/65426ce9d82aad779c12bd86_Brand-Logo_Orange-300x300.webp 300w, https:\/\/fondonimbus.com.mx\/wp-content\/uploads\/2024\/09\/65426ce9d82aad779c12bd86_Brand-Logo_Orange-150x150.webp 150w, https:\/\/fondonimbus.com.mx\/wp-content\/uploads\/2024\/09\/65426ce9d82aad779c12bd86_Brand-Logo_Orange-12x12.webp 12w, https:\/\/fondonimbus.com.mx\/wp-content\/uploads\/2024\/09\/65426ce9d82aad779c12bd86_Brand-Logo_Orange-500x500.webp 500w\" sizes=\"(max-width: 681px) 100vw, 681px\" \/>\t\t\t\t\t\t\t\t\t\t\t\t\t\t\t<\/div>\n\t\t\t\t<\/div>\n\t\t\t\t\t<\/div>\n\t\t<\/div>\n\t\t\t\t\t<\/div>\n\t\t<\/section>\n\t\t\t\t<section class=\"elementor-section elementor-top-section elementor-element elementor-element-656833c elementor-section-full_width elementor-section-height-min-height elementor-section-stretched elementor-section-height-default elementor-section-items-middle\" data-id=\"656833c\" data-element_type=\"section\" data-e-type=\"section\" data-settings=\"{&quot;stretch_section&quot;:&quot;section-stretched&quot;,&quot;background_background&quot;:&quot;classic&quot;}\">\n\t\t\t\t\t\t<div class=\"elementor-container elementor-column-gap-default\">\n\t\t\t\t\t<div class=\"elementor-column elementor-col-50 elementor-top-column elementor-element elementor-element-a7a1e22\" data-id=\"a7a1e22\" data-element_type=\"column\" data-e-type=\"column\">\n\t\t\t<div class=\"elementor-widget-wrap elementor-element-populated\">\n\t\t\t\t\t\t<div class=\"elementor-element elementor-element-d17e8e2 elementor-widget__width-initial elementor-widget elementor-widget-heading\" data-id=\"d17e8e2\" data-element_type=\"widget\" data-e-type=\"widget\" data-widget_type=\"heading.default\">\n\t\t\t\t<div class=\"elementor-widget-container\">\n\t\t\t\t\t<h5 class=\"elementor-heading-title elementor-size-default\">Grupo Promesa<\/h5>\t\t\t\t<\/div>\n\t\t\t\t<\/div>\n\t\t\t\t<div class=\"elementor-element elementor-element-dac0135 elementor-widget__width-initial elementor-widget elementor-widget-text-editor\" data-id=\"dac0135\" data-element_type=\"widget\" data-e-type=\"widget\" data-widget_type=\"text-editor.default\">\n\t\t\t\t<div class=\"elementor-widget-container\">\n\t\t\t\t\t\t\t\t\t<p>Grupo Promesa's mission is to transform Mexico's environmental culture through the promotion of practices such as recycling, saving water and reducing energy resources. \n\nAs of early 2024, their flagship education program is in 400 schools, reaching nearly 50,000 students. Through their network of schools, corporations, and households that recycle into their campaigns, Grupo Promesa works closely with large brands to provide a full circular economy solution to their product waste. Over the years, they recycled more than 625,000 kg of waste, and that is just a drip in the bucket for the potential of waste management across Mexico.<\/p><p>We have been working with Grupo Promesa to expand their model to new cities in Mexico, starting with Guadalajara and Monterrey, and continue to support their transformative work within the waste industry.<\/p>\t\t\t\t\t\t\t\t<\/div>\n\t\t\t\t<\/div>\n\t\t\t\t<div class=\"elementor-element elementor-element-17b4465 elementor-mobile-align-center elementor-widget__width-initial elementor-widget elementor-widget-button\" data-id=\"17b4465\" data-element_type=\"widget\" data-e-type=\"widget\" data-widget_type=\"button.default\">\n\t\t\t\t<div class=\"elementor-widget-container\">\n\t\t\t\t\t\t\t\t\t<div class=\"elementor-button-wrapper\">\n\t\t\t\t\t<a class=\"elementor-button elementor-button-link elementor-size-sm\" href=\"https:\/\/grupopromesa.mx\/home-2\/\">\n\t\t\t\t\t\t<span class=\"elementor-button-content-wrapper\">\n\t\t\t\t\t\t\t\t\t<span class=\"elementor-button-text\"><u>Visit the website<\/u><\/span>\n\t\t\t\t\t<\/span>\n\t\t\t\t\t<\/a>\n\t\t\t\t<\/div>\n\t\t\t\t\t\t\t\t<\/div>\n\t\t\t\t<\/div>\n\t\t\t\t\t<\/div>\n\t\t<\/div>\n\t\t\t\t<div class=\"elementor-column elementor-col-50 elementor-top-column elementor-element elementor-element-45863d6\" data-id=\"45863d6\" data-element_type=\"column\" data-e-type=\"column\">\n\t\t\t<div class=\"elementor-widget-wrap elementor-element-populated\">\n\t\t\t\t\t\t<div class=\"elementor-element elementor-element-1a0cd09 elementor-widget__width-initial elementor-widget elementor-widget-image\" data-id=\"1a0cd09\" data-element_type=\"widget\" data-e-type=\"widget\" data-widget_type=\"image.default\">\n\t\t\t\t<div class=\"elementor-widget-container\">\n\t\t\t\t\t\t\t\t\t\t\t\t\t\t\t<img decoding=\"async\" width=\"623\" height=\"498\" src=\"https:\/\/fondonimbus.com.mx\/wp-content\/uploads\/2024\/09\/img4.png\" class=\"attachment-large size-large wp-image-88\" alt=\"\" srcset=\"https:\/\/fondonimbus.com.mx\/wp-content\/uploads\/2024\/09\/img4.png 623w, https:\/\/fondonimbus.com.mx\/wp-content\/uploads\/2024\/09\/img4-300x240.png 300w\" sizes=\"(max-width: 623px) 100vw, 623px\" \/>\t\t\t\t\t\t\t\t\t\t\t\t\t\t\t<\/div>\n\t\t\t\t<\/div>\n\t\t\t\t\t<\/div>\n\t\t<\/div>\n\t\t\t\t\t<\/div>\n\t\t<\/section>\n\t\t\t\t<\/div>","protected":false},"excerpt":{"rendered":"<p>Home Grupo Promesa Grupo Promesa tiene la misi\u00f3n de transformar la cultura ambiental de M\u00e9xico a trav\u00e9s de la promoci\u00f3n de pr\u00e1cticas como el reciclaje y el ahorro de recursos h\u00eddricos y energ\u00e9ticos. A principios de 2024, su programa principal de educaci\u00f3n se encuentra en casi 400 escuelas, llegando a cerca de 50,000 estudiantes. A [&hellip;]<\/p>\n","protected":false},"author":1,"featured_media":0,"parent":0,"menu_order":0,"comment_status":"closed","ping_status":"closed","template":"","meta":{"_acf_changed":false,"footnotes":""},"class_list":["post-790","page","type-page","status-publish","hentry"],"acf":[],"_links":{"self":[{"href":"https:\/\/fondonimbus.com.mx\/en\/wp-json\/wp\/v2\/pages\/790","targetHints":{"allow":["GET"]}}],"collection":[{"href":"https:\/\/fondonimbus.com.mx\/en\/wp-json\/wp\/v2\/pages"}],"about":[{"href":"https:\/\/fondonimbus.com.mx\/en\/wp-json\/wp\/v2\/types\/page"}],"author":[{"embeddable":true,"href":"https:\/\/fondonimbus.com.mx\/en\/wp-json\/wp\/v2\/users\/1"}],"replies":[{"embeddable":true,"href":"https:\/\/fondonimbus.com.mx\/en\/wp-json\/wp\/v2\/comments?post=790"}],"version-history":[{"count":7,"href":"https:\/\/fondonimbus.com.mx\/en\/wp-json\/wp\/v2\/pages\/790\/revisions"}],"predecessor-version":[{"id":808,"href":"https:\/\/fondonimbus.com.mx\/en\/wp-json\/wp\/v2\/pages\/790\/revisions\/808"}],"wp:attachment":[{"href":"https:\/\/fondonimbus.com.mx\/en\/wp-json\/wp\/v2\/media?parent=790"}],"curies":[{"name":"wp","href":"https:\/\/api.w.org\/{rel}","templated":true}]}}